{"id":25,"date":"2024-03-13T16:05:48","date_gmt":"2024-03-13T16:05:48","guid":{"rendered":"https:\/\/wp.timetranslations.com\/?page_id=25"},"modified":"2024-04-17T14:51:39","modified_gmt":"2024-04-17T12:51:39","slug":"welkom-bij-time-translations","status":"publish","type":"page","link":"https:\/\/timetranslations.com\/","title":{"rendered":"Welkom bij Time Translations"},"content":{"rendered":"\n<p>Via Time Translations, gevestigd in Maastricht, beschikt u over professionele vertalers en tolken die alle teksten de aandacht geven die ze verdienen. Daarnaast bieden we ook Project Management aan, zodat u uw tijd kunt blijven besteden aan uw eigen werkzaamheden en wij op de afgesproken tijd uw documenten leveren. Uiteraard conform afspraak.<\/p>\n\n\n\n<p id=\"block-88c71184-2867-4ce3-b2d7-d201ceadf88c\">Ook voor uw priv\u00e9 documenten kunt u op ons rekenen. Denk bijvoorbeeld aan een be\u00ebdigde <a href=\"https:\/\/timetranslations.com\/?page_id=293\" data-type=\"page\" data-id=\"293\">vertaling<\/a> die alleen door een be\u00ebdigde vertaler kan worden gedaan. Wij hebben toegang tot alle be\u00ebdigde vertalers waardoor we u een breed aanbod bieden in diverse talencombinaties. Maar ook voor een niet be\u00ebdigde vertaling kunt u bij ons terecht voor een professionele en vakkundige vertaling.<\/p>\n\n\n\n<p>Bent u niet op zoek naar een vertaler (schrift) maar een tolk (spraak), ook dan beschikt u via ons over een veelzijdigheid aan <a href=\"https:\/\/timetranslations.com\/?page_id=30\" data-type=\"page\" data-id=\"30\">tolken<\/a>. Naast vertalers helpen wij u ook graag met de inzet van (be\u00ebdigde) tolken voor diverse <a href=\"https:\/\/timetranslations.com\/?page_id=56\" data-type=\"page\" data-id=\"56\">talen<\/a> combinaties en <a href=\"https:\/\/timetranslations.com\/?page_id=75\" data-type=\"page\" data-id=\"75\">vakgebieden<\/a>.<\/p>\n\n\n\n<p id=\"block-ae35f4ba-5660-44f8-b2db-3b1e342a89a0\">Onze mogelijkheden zijn zeer veelzijdig, maar mocht u na uw bezoek aan onze website toch nog twijfelen of wij u kunnen helpen, aarzel dan niet om <a href=\"https:\/\/timetranslations.com\/?page_id=33\" data-type=\"page\" data-id=\"33\">contact<\/a> met ons op te nemen. Wij horen graag van u en zullen ons uiterste best doen om aan uw verzoek te voldoen. Ik kijk uit om van u te horen en nader kennis te maken!<\/p>\n","protected":false},"excerpt":{"rendered":"<p>Via Time Translations, gevestigd in Maastricht, beschikt u over professionele vertalers en tolken die alle teksten de aandacht geven die ze verdienen. Daarnaast bieden we ook Project Management aan, zodat u uw tijd kunt blijven besteden aan uw eigen werkzaamheden en wij op de afgesproken tijd uw documenten leveren. Uiteraard conform afspraak. Ook voor uw &hellip; <\/p>\n<p class=\"link-more\"><a href=\"https:\/\/timetranslations.com\/\" class=\"more-link\">Lees verder <span class=\"screen-reader-text\">&#8220;Welkom bij Time Translations&#8221;<\/span><\/a><\/p>\n","protected":false},"author":1,"featured_media":292,"parent":0,"menu_order":0,"comment_status":"closed","ping_status":"closed","template":"","meta":{"footnotes":""},"class_list":["post-25","page","type-page","status-publish","has-post-thumbnail","hentry"],"_links":{"self":[{"href":"https:\/\/timetranslations.com\/index.php?rest_route=\/wp\/v2\/pages\/25","targetHints":{"allow":["GET"]}}],"collection":[{"href":"https:\/\/timetranslations.com\/index.php?rest_route=\/wp\/v2\/pages"}],"about":[{"href":"https:\/\/timetranslations.com\/index.php?rest_route=\/wp\/v2\/types\/page"}],"author":[{"embeddable":true,"href":"https:\/\/timetranslations.com\/index.php?rest_route=\/wp\/v2\/users\/1"}],"replies":[{"embeddable":true,"href":"https:\/\/timetranslations.com\/index.php?rest_route=%2Fwp%2Fv2%2Fcomments&post=25"}],"version-history":[{"count":42,"href":"https:\/\/timetranslations.com\/index.php?rest_route=\/wp\/v2\/pages\/25\/revisions"}],"predecessor-version":[{"id":619,"href":"https:\/\/timetranslations.com\/index.php?rest_route=\/wp\/v2\/pages\/25\/revisions\/619"}],"wp:featuredmedia":[{"embeddable":true,"href":"https:\/\/timetranslations.com\/index.php?rest_route=\/wp\/v2\/media\/292"}],"wp:attachment":[{"href":"https:\/\/timetranslations.com\/index.php?rest_route=%2Fwp%2Fv2%2Fmedia&parent=25"}],"curies":[{"name":"wp","href":"https:\/\/api.w.org\/{rel}","templated":true}]}}